{"id":423,"date":"2018-11-03T12:38:52","date_gmt":"2018-11-03T11:38:52","guid":{"rendered":"http:\/\/patrickjullien.de\/Goldbergstiftung\/impressum\/"},"modified":"2022-03-07T12:26:54","modified_gmt":"2022-03-07T11:26:54","slug":"impressum","status":"publish","type":"page","link":"https:\/\/www.goldbergstiftung.org\/en\/impressum\/","title":{"rendered":"Imprint"},"content":{"rendered":"<p><strong>Verantwortlich f\u00fcr den Inhalt i.S.v. \u00a7 18 Abs. 2 MStV:<\/strong><br \/>\nGoldberg Stiftung | G\u00fcntzelstra\u00dfe 63 | 10717 Berlin |<br \/>\nTelefon : 030 &#8211; 69 40 11 76<br \/>\nEmail:<br \/>\n<a href=\"mailto:in**@**************ng.org\" data-original-string=\"RvdKM\/u5iOREJdM5uSXYDw==a96Bd8zlqr8kUSLQDrWMVm9b5UaA+szyXccXsd00hjKC3o=\" title=\"This contact has been encoded by Anti-Spam by CleanTalk. Click to decode. To finish the decoding make sure that JavaScript is enabled in your browser.\"><span \n                data-original-string='fPO4FyORQ7sjck+ec5EL7A==a962qyjZmSAWkiVsNOY7O6BjGGR44joV2aHu72kEMlu+EY='\n                class='apbct-email-encoder'\n                title='This contact has been encoded by Anti-Spam by CleanTalk. Click to decode. To finish the decoding make sure that JavaScript is enabled in your browser.'>in<span class=\"apbct-blur\">**<\/span>@<span class=\"apbct-blur\">**************<\/span>ng.org<\/span><\/a><\/p>\n<p>Internet:www.goldbergstiftung.org<br \/>\nDie Goldberg-Stiftung ist eine rechtsf\u00e4hige Stiftung des B\u00fcrgerlichen Rechts<\/p>\n<p>Vertretungsberechtigte Person:<br \/>\nDr. Clemens Goldberg (Vorsitzender des Stiftungsvorstandes)<\/p>\n<p>Zust\u00e4ndige Aufsichtsbeh\u00f6rde:<br \/>\nSenatsverwaltung f\u00fcr Justiz des Landes Berlin, Stiftungsaufsicht<\/p>\n<p>Inhaltlich Verantwortlicher gem\u00e4\u00df \u00a7 10 Absatz 3 MDStV:<br \/>\nDr. Clemens Goldberg (Anschrift wie oben)<\/p>\n<p><strong>Haftung f\u00fcr Inhalte<\/strong><\/p>\n<p>Die Inhalte unserer Seiten wurden mit gr\u00f6\u00dfter Sorgfalt erstellt. F\u00fcr die Richtigkeit, Vollst\u00e4ndigkeit und Aktualit\u00e4t der Inhalte k\u00f6nnen wir jedoch keine Gew\u00e4hr \u00fcbernehmen. Als Diensteanbieter sind wir gem\u00e4\u00df \u00a7 7 Abs.1 TMG f\u00fcr eigene Inhalte auf diesen Seiten nach den allgemeinen Gesetzen verantwortlich. Nach \u00a7\u00a7 8 bis 10 TMG sind wir als Diensteanbieter jedoch nicht verpflichtet, \u00fcbermittelte oder gespeicherte fremde Informationen zu \u00fcberwachen oder nach Umst\u00e4nden zu forschen, die auf eine rechtswidrige T\u00e4tigkeit hinweisen. Verpflichtungen zur Entfernung oder Sperrung der Nutzung von Informationen nach den allgemeinen Gesetzen bleiben hiervon unber\u00fchrt. Eine diesbez\u00fcgliche Haftung ist jedoch erst ab dem Zeitpunkt der Kenntnis einer konkreten Rechtsverletzung m\u00f6glich. Bei Bekanntwerden von entsprechenden Rechtsverletzungen werden wir diese Inhalte umgehend entfernen.<\/p>\n<p><strong>Haftung f\u00fcr Links<\/strong><\/p>\n<p>Unser Angebot enth\u00e4lt Links zu externen Webseiten Dritter, auf deren Inhalte wir keinen Einfluss haben. Deshalb k\u00f6nnen wir f\u00fcr diese fremden Inhalte auch keine Gew\u00e4hr \u00fcbernehmen. F\u00fcr die Inhalte der verlinkten Seiten ist stets der jeweilige Anbieter oder Betreiber der Seiten verantwortlich. Die verlinkten Seiten wurden zum Zeitpunkt der Verlinkung auf m\u00f6gliche Rechtsverst\u00f6\u00dfe \u00fcberpr\u00fcft. Rechtswidrige Inhalte waren zum Zeitpunkt der Verlinkung nicht erkennbar. Eine permanente inhaltliche Kontrolle der verlinkten Seiten ist jedoch ohne konkrete Anhaltspunkte einer Rechtsverletzung nicht zumutbar. Bei Bekanntwerden von Rechtsverletzungen werden wir derartige Links umgehend entfernen.<\/p>\n<p><strong>Datenschutz<\/strong><\/p>\n<p>Die Goldberg Stiftung registriert die Adressen, wenn Sie sich f\u00fcr eine Benachrichtigung bei Neuigkeiten auf der Homepage oder in der Kommentarfunktion eintragen. Die Daten werden strikt nur zu diesem Zweck gespeichert. Sie k\u00f6nnen jederzeit gel\u00f6scht werden.<\/p>\n<p>Verantwortlich f\u00fcr die Redaktion und den Zugang zu den erhobenen Daten ist Dr. Clemens Goldberg, Vorsitzender des Vorstands.<\/p>\n<p><strong>Urheberrecht<\/strong><\/p>\n<p>Die durch die Seitenbetreiber erstellten Inhalte und Werke auf diesen Seiten unterliegen dem deutschen Urheberrecht. Die Vervielf\u00e4ltigung, Bearbeitung, Verbreitung und jede Art der Verwertung au\u00dferhalb der Grenzen des Urheberrechtes bed\u00fcrfen der schriftlichen Zustimmung des jeweiligen Autors bzw. Erstellers. Downloads und Kopien dieser Seite sind nur f\u00fcr den privaten, nicht kommerziellen Gebrauch gestattet. Soweit die Inhalte auf dieser Seite nicht vom Betreiber erstellt wurden, werden die Urheberrechte Dritter beachtet. Insbesondere werden Inhalte Dritter als solche gekennzeichnet. Sollten Sie trotzdem auf eine Urheberrechtsverletzung aufmerksam werden, bitten wir um einen entsprechenden Hinweis. Bei Bekanntwerden von Rechtsverletzungen werden wir derartige Inhalte umgehend entfernen.<\/p>\n","protected":false},"excerpt":{"rendered":"<p>Verantwortlich f\u00fcr den Inhalt i.S.v. \u00a7 18 Abs. 2 MStV: Goldberg Stiftung | G\u00fcntzelstra\u00dfe 63 | 10717 Berlin | Telefon : 030 &#8211; 69 40 11 76 Email: in**@**************ng.org Internet:www.goldbergstiftung.org [&hellip;]<\/p>\n","protected":false},"author":1,"featured_media":1537,"parent":0,"menu_order":0,"comment_status":"closed","ping_status":"closed","template":"","meta":{"_acf_changed":false,"footnotes":""},"class_list":["post-423","page","type-page","status-publish","has-post-thumbnail","hentry"],"acf":[],"_links":{"self":[{"href":"https:\/\/www.goldbergstiftung.org\/en\/wp-json\/wp\/v2\/pages\/423","targetHints":{"allow":["GET"]}}],"collection":[{"href":"https:\/\/www.goldbergstiftung.org\/en\/wp-json\/wp\/v2\/pages"}],"about":[{"href":"https:\/\/www.goldbergstiftung.org\/en\/wp-json\/wp\/v2\/types\/page"}],"author":[{"embeddable":true,"href":"https:\/\/www.goldbergstiftung.org\/en\/wp-json\/wp\/v2\/users\/1"}],"replies":[{"embeddable":true,"href":"https:\/\/www.goldbergstiftung.org\/en\/wp-json\/wp\/v2\/comments?post=423"}],"version-history":[{"count":6,"href":"https:\/\/www.goldbergstiftung.org\/en\/wp-json\/wp\/v2\/pages\/423\/revisions"}],"predecessor-version":[{"id":2629,"href":"https:\/\/www.goldbergstiftung.org\/en\/wp-json\/wp\/v2\/pages\/423\/revisions\/2629"}],"wp:featuredmedia":[{"embeddable":true,"href":"https:\/\/www.goldbergstiftung.org\/en\/wp-json\/wp\/v2\/media\/1537"}],"wp:attachment":[{"href":"https:\/\/www.goldbergstiftung.org\/en\/wp-json\/wp\/v2\/media?parent=423"}],"curies":[{"name":"wp","href":"https:\/\/api.w.org\/{rel}","templated":true}]}}